{"id":510,"date":"2021-03-22T15:22:32","date_gmt":"2021-03-22T15:22:32","guid":{"rendered":"https:\/\/motel-tosanovice.cz\/?page_id=510"},"modified":"2026-01-05T15:42:53","modified_gmt":"2026-01-05T15:42:53","slug":"mesmerize","status":"publish","type":"page","link":"https:\/\/motel-tosanovice.cz\/","title":{"rendered":"Front Page"},"content":{"rendered":"<div  id=\"overlappable-4\" style=\"background-color: #ffffff;\" data-label=\"Overlappable\" data-id=\"overlappable-4\" data-export-id=\"overlappable-4\" data-category=\"overlappable\" class=\"overlappable-4 content-section content-section-spacing\" data-overlap=\"true\"><div  class=\"gridContainer\"> <div  data-type=\"row\" class=\"row spaced-cols text-center\">  <div  class=\"col-xs-12 col-sm-4 col-padding\">  <div  data-type=\"column\" class=\"\"> <\/div> <\/div><\/div> <\/div><\/div><div  id=\"about-1\" style=\"background-color: #f5fafd;\" data-label=\"About\" data-id=\"about-1\" data-export-id=\"about-1\" data-category=\"about\" class=\"about-1 content-section\"><div  class=\"gridContainer\"> <div  class=\"row text-center\"><div  class=\"section-title-col\" data-type=\"column\"> <h5  class=\"\">Motel To\u0161anovice<\/h5> <h2  class=\"\">O n\u00e1s<\/h2> <p  class=\"lead\" style=\"background: transparent; position: relative;\">Motel se nach\u00e1z\u00ed v oblasti Beskyd. Mezi m\u011bsty Fr\u00fddek-M\u00edstek (10km), \u010cesk\u00fd T\u011b\u0161\u00edn (8km) a T\u0159inec (10km). V bl\u00edzkosti rychlostn\u00ed komunikace R48, EXIT 62. Host\u00e9 mohou vyu\u017e\u00edt parkov\u00e1n\u00ed v prostorech Motelu. Mo\u017enost parkov\u00e1n\u00ed i v\u011bt\u0161\u00edch vozidel. <b >NOV\u011a! Motel disponuje 2 ve\u0159ejn\u00fdmi 22kW nab\u00edjec\u00edm\u00ed stanicemi pro elektromobily.<\/b>&nbsp;Zv\u00fdhodn\u011bn\u00e1 cen\u00e1 pro hosty motelu.<\/p><\/div> <\/div> <div  class=\"row\"> <div  class=\"button-holder space-bottom space-bottom-small\" data-type=\"column\"> <\/div> <div  class=\"col-xs bottom-xs flexbox image-group-bottom-3-img space-bottom-xs center-xs\"> <a  data-cp-link=\"1\" href=\"#\" class=\"left-img-anchor\"><img  decoding=\"async\" class=\"left-img shadow-large-black\" data-size=\"500x300\" src=\"http:\/\/motel-tosanovice.cz\/wp-content\/uploads\/2021\/07\/cropped-009-scaled-1.jpg\" title=\"cropped-009-scaled-1.jpg\" alt=\"\"><\/a> <img  decoding=\"async\" class=\"center-img shadow-large-black\" data-size=\"500x300\" src=\"http:\/\/motel-tosanovice.cz\/wp-content\/uploads\/2021\/07\/024-scaled.jpg\" title=\"024\" alt=\"\"> <img  decoding=\"async\" class=\"right-img shadow-large-black\" data-size=\"500x300\" src=\"http:\/\/motel-tosanovice.cz\/wp-content\/uploads\/2021\/07\/099-scaled.jpg\" title=\"099\" alt=\"\"><\/div> <\/div><\/div> <\/div><div  id=\"features-3\" style=\"background-color: #ffffff;\" data-label=\"Features\" data-id=\"features-12-card-bordered\" data-export-id=\"features-12-card-bordered\" data-category=\"features\" class=\"features-12-card-bordered content-section content-section-spacing \"><div  class=\"gridContainer\"> <div  class=\"row text-center\"><div  class=\"section-title-col\" data-type=\"column\"> <h2  class=\"\">Nab\u00edz\u00edme<\/h2> <p  class=\"lead\"><\/p><\/div> <\/div> <div  class=\"row spaced-cols\" data-type=\"row\"> <div  class=\"col-sm-6\"> <div  class=\"card row-card bordered y-move\"> <div  class=\"row\"> <div  class=\"col-sm-fit icon-column\"> <i  class=\"fa icon color2 fa-bed bordered round\"><\/i> <\/div> <div  class=\"col-sm\" data-type=\"column\"> <h5  class=\"color2\">Rekrea\u010dn\u00ed ubytov\u00e1n\u00ed<\/h5> <p  class=\"\" style=\"background: transparent; position: relative;\">Ubytov\u00e1n\u00ed lze vyu\u017e\u00edt p\u0159i rekrea\u010dn\u00edch cest\u00e1ch do bl\u00edzk\u00fdch Moravskoslezsk\u00fdch Beskyd.<\/p><\/div> <\/div><\/div> <\/div> <div  class=\"col-sm-6\"> <div  class=\"card row-card bordered y-move\"> <div  class=\"row\"> <div  class=\"col-sm-fit icon-column\"> <a  data-cp-link=\"1\" href=\"#\"><i  class=\"fa icon color2 fa-bed bordered round\"><\/i><\/a> <\/div> <div  class=\"col-sm\" data-type=\"column\"> <h5  class=\"color2\">Ubytov\u00e1n\u00ed va\u0161\u00edch zam\u011bstnanc\u016f<\/h5> <p  class=\"\" style=\"background: transparent; position: relative;\">Ubytov\u00e1n\u00ed zam\u011bstnanc\u016f firem na pracovn\u00edch cest\u00e1ch, mo\u017enost dlouhodob\u00e9ho ubytov\u00e1n\u00ed. Dlouhodob\u00e9 ubytov\u00e1n\u00ed \u2013 individu\u00e1ln\u00ed cena.<\/p><\/div> <\/div><\/div> <\/div> <div  class=\"col-sm-6\"> <div  class=\"card row-card bordered y-move\"> <div  class=\"row\"> <div  class=\"col-sm-fit icon-column\"> <i  class=\"fa icon color2 fa-birthday-cake bordered round\"><\/i> <\/div> <div  class=\"col-sm\" data-type=\"column\"> <h5  class=\"color2\">Oslavy, rauty a ob\u011bdy<\/h5> <p  class=\"\" style=\"background: transparent; position: relative;\">D\u011bl\u00e1me oslavy narozenin. J\u00eddeln\u00ed rauty a mnoho dal\u0161\u00edho.. a\u017e pro 50 osob.\n<br >-Klimatizovan\u00fd s\u00e1l<\/p><\/div> <\/div><\/div> <\/div> <div  class=\"col-sm-6\"> <div  class=\"card row-card bordered y-move\"> <div  class=\"row\"> <div  class=\"col-sm-fit icon-column\"> <i  class=\"fa icon color2 fa-automobile bordered round\"><\/i> <\/div> <div  class=\"col-sm\" data-type=\"column\"> <h5  class=\"color2\" style=\"background: transparent; position: relative;\">Dopl\u0148kov\u00e9 slu\u017eby<\/h5> <p  class=\"\" style=\"background: transparent; position: relative;\">Mo\u017enost parkov\u00e1n\u00ed v are\u00e1lu Motelu i v\u011bt\u0161\u00edch vozidel (TIR). Tak\u00e9 lze vyu\u017e\u00edt gar\u00e1\u017e na dv\u011b osobn\u00ed vozidla. (ulo\u017een\u00ed materi\u00e1lu)<\/p><\/div> <\/div><\/div> <\/div><\/div> <\/div><\/div><div  id=\"content-13\" style=\"background-color: #f5fafd;\" data-label=\"Content\" data-id=\"content-2\" data-export-id=\"content-2\" data-category=\"content\" class=\"content-2 content-section content-section-spacing\"><div > <div  class=\"row middle-xs\"><div  class=\"col-sm-5 bg-image shadow-large-black\" data-bg=\"image\" style=\"background-image: url(&quot;http:\/\/motel-tosanovice.cz\/wp-content\/uploads\/2021\/07\/064-scaled.jpg&quot;);\"><\/div> <div  class=\"col-sm-7 full-col-left-padding full-col-right-padding\"> <div  class=\"row\"> <div  data-type=\"column\" class=\"space-bottom-small content-title-col\">  <h2  class=\"\">Dvoul\u016f\u017ekov\u00fd pokoj<\/h2> <p  class=\"\" style=\"background: transparent; position: relative;\">Nab\u00edz\u00edme 2 dvoul\u016f\u017ekov\u00e9 pokoje s man\u017eelskou postel\u00ed, nebo 14 pokoj\u016f s dv\u011bma samostatn\u00fdmi&nbsp; postelemi.<\/p><\/div> <\/div> <div  class=\"row spaced-cols \" data-type=\"row\"> <div  class=\"col-xs-6\" data-type=\"column\"> <h5  class=\"\">WIFI<\/h5> <\/div> <div  class=\"col-xs-6\" data-type=\"column\"><h5  class=\"\" style=\"background: transparent; position: relative;\">Televize, Lednice<\/h5> <\/div> <div  class=\"col-xs-6\" data-type=\"column\"><h5  class=\"\">Vlastn\u00ed soci\u00e1ln\u00ed za\u0159\u00edzen\u00ed pokoje<\/h5> <\/div> <div  class=\"col-xs-6\" data-type=\"column\"><h5  class=\"\">Posezen\u00ed, ulo\u017en\u00fd prostor<\/h5> <\/div> <\/div><\/div> <\/div><\/div> <\/div><div  id=\"content-14\" style=\"background-color: #ffffff;\" data-label=\"Content\" data-id=\"content-3\" data-export-id=\"content-3\" data-category=\"content\" class=\"content-3 content-section content-section-spacing\"><div > <div  class=\"row middle-xs\"><div  class=\"col-sm-7 full-col-left-padding full-col-right-padding\"> <div  class=\"row\"><div  data-type=\"column\" class=\"space-bottom-small content-title-col\">  <h2  class=\"\">Trojl\u016f\u017ekov\u00fd pokoj<\/h2> <p  class=\"\" style=\"background: transparent; position: relative;\">Nab\u00edz\u00edme celkem 3 trojl\u016f\u017ekov\u00e9 pokoje z toho jeden s p\u0159ist\u00fdlkou.<\/p><\/div> <\/div> <div  class=\"row spaced-cols\" data-type=\"row\"> <div  class=\"col-xs-6\" data-type=\"column\"> <h5  class=\"\">WIFI<\/h5> <\/div> <div  class=\"col-xs-6\" data-type=\"column\"><h5  class=\"\" style=\"background: transparent; position: relative;\">Televize, Lednice<\/h5> <\/div> <div  class=\"col-xs-6\" data-type=\"column\"><h5  class=\"\">Vlastn\u00ed soci\u00e1ln\u00ed za\u0159\u00edzen\u00ed pokoje<\/h5> <\/div> <div  class=\"col-xs-6\" data-type=\"column\"><h5  class=\"\">Posezen\u00ed, \u00falo\u017en\u00fd prostor<\/h5> <\/div> <\/div><\/div> <div  class=\"col-sm-5 bg-image shadow-large-black revert-classes-holder\" data-bg=\"image\" style=\"background-image: url(&quot;http:\/\/motel-tosanovice.cz\/wp-content\/uploads\/2021\/07\/cropped-cropped-045-scaled-1.jpg&quot;);\"><\/div><\/div> <\/div><\/div><div  id=\"portfolio-3\" style=\"background-color: #f5fafd;\" data-label=\"Portfolio\" data-id=\"portfolio-4\" data-export-id=\"portfolio-4\" data-category=\"portfolio\" class=\"portfolio-4 content-section content-section-spacing-top\"><div  class=\"\"> <div  class=\"row text-center\"><div  class=\"section-title-col\" data-type=\"column\"> <h2  class=\"\">Portfolio<\/h2> <\/div> <\/div> <div  data-type=\"row\" class=\"row\" data-fixed=\"true\"> <div  class=\"col-xs-12 col-sm-3 no-gutter-col\"><div  class=\"contentswap-effect\" data-hover-fx=\"portfolio-4\"> <div  class=\"initial-image\"> <img  decoding=\"async\" data-size=\"542x360\" src=\"http:\/\/motel-tosanovice.cz\/wp-content\/uploads\/2024\/03\/cropped-076e887f-35d4-4736-a953-d48de504542c.jpg\"><\/div> <div  class=\"overlay bg-color1\"><\/div> <div  class=\"swap-inner col-xs-12\"> <div  class=\"row full-height-row middle-xs middle-sm\"> <div  class=\"col-xs-12 text-center content-holder\"> <a href=\"https:\/\/motel-tosanovice.cz?page_id=255\" target=\"_self\" rel=\"noopener\"><i  class=\"fa icon portfolio-icon fa-search small\" aria-hidden=\"true\"><\/i><\/a><\/div> <\/div><\/div> <\/div><\/div><div  class=\"col-xs-12 col-sm-3 no-gutter-col\"><div  class=\"contentswap-effect\" data-hover-fx=\"portfolio-4\"> <div  class=\"initial-image\"> <img  decoding=\"async\" data-size=\"542x360\" src=\"http:\/\/motel-tosanovice.cz\/wp-content\/uploads\/2024\/03\/cropped-0a7060d3-dd15-4003-b43e-50f32b4f1a39.jpg\"><\/div> <div  class=\"overlay bg-color1\"><\/div> <div  class=\"swap-inner col-xs-12\"> <div  class=\"row full-height-row middle-xs middle-sm\"> <div  class=\"col-xs-12 text-center content-holder\"> <a href=\"https:\/\/motel-tosanovice.cz?page_id=255\" target=\"_self\" rel=\"noopener\"><i  class=\"fa icon portfolio-icon fa-search small\" aria-hidden=\"true\"><\/i><\/a><\/div> <\/div><\/div> <\/div><\/div><div  class=\"col-xs-12 col-sm-3 no-gutter-col\"><div  class=\"contentswap-effect\" data-hover-fx=\"portfolio-4\"> <div  class=\"initial-image\"> <img  decoding=\"async\" data-size=\"542x360\" src=\"http:\/\/motel-tosanovice.cz\/wp-content\/uploads\/2024\/03\/cropped-704a097e-3284-439b-a382-097a65e11a28.jpg\"><\/div> <div  class=\"overlay bg-color1\"><\/div> <div  class=\"swap-inner col-xs-12\"> <div  class=\"row full-height-row middle-xs middle-sm\"> <div  class=\"col-xs-12 text-center content-holder\"> <a href=\"https:\/\/motel-tosanovice.cz?page_id=255\" target=\"_self\" rel=\"noopener\"><i  class=\"fa icon portfolio-icon fa-search small\" aria-hidden=\"true\"><\/i><\/a><\/div> <\/div><\/div> <\/div><\/div><div  class=\"col-xs-12 col-sm-3 no-gutter-col\"><div  class=\"contentswap-effect\" data-hover-fx=\"portfolio-4\"> <div  class=\"initial-image\"> <img  decoding=\"async\" data-size=\"542x360\" src=\"http:\/\/motel-tosanovice.cz\/wp-content\/uploads\/2021\/07\/044-scaled.jpg\"><\/div> <div  class=\"overlay bg-color1\"><\/div> <div  class=\"swap-inner col-xs-12\"> <div  class=\"row full-height-row middle-xs middle-sm\"> <div  class=\"col-xs-12 text-center content-holder\"> <a href=\"https:\/\/motel-tosanovice.cz?page_id=255\" target=\"_self\" rel=\"noopener\"><i  class=\"fa icon portfolio-icon fa-search small\" aria-hidden=\"true\"><\/i><\/a><\/div> <\/div><\/div> <\/div><\/div><div  class=\"col-xs-12 col-sm-3 no-gutter-col\"> <div  class=\"contentswap-effect\" data-hover-fx=\"portfolio-4\"> <div  class=\"initial-image\"> <img  decoding=\"async\" data-size=\"542x360\" src=\"http:\/\/motel-tosanovice.cz\/wp-content\/uploads\/2021\/07\/096-scaled.jpg\"><\/div> <div  class=\"overlay bg-color1\"><\/div> <div  class=\"swap-inner col-xs-12\"> <div  class=\"row full-height-row middle-xs middle-sm\"> <div  class=\"col-xs-12 text-center content-holder\"> <a href=\"https:\/\/motel-tosanovice.cz?page_id=255\" target=\"_self\" rel=\"noopener\"><i  class=\"fa icon portfolio-icon fa-search small\" aria-hidden=\"true\"><\/i><\/a><\/div> <\/div><\/div> <\/div><\/div> <div  class=\"col-xs-12 col-sm-3 no-gutter-col\"><div  class=\"contentswap-effect\" data-hover-fx=\"portfolio-4\"> <div  class=\"initial-image\"> <img  decoding=\"async\" data-size=\"542x360\" src=\"http:\/\/motel-tosanovice.cz\/wp-content\/uploads\/2021\/07\/111-scaled.jpg\"><\/div> <div  class=\"overlay bg-color1\"><\/div> <div  class=\"swap-inner col-xs-12\"> <div  class=\"row full-height-row middle-xs middle-sm\"> <div  class=\"col-xs-12 text-center content-holder\"> <a href=\"https:\/\/motel-tosanovice.cz?page_id=255\" target=\"_self\" rel=\"noopener\"><i  class=\"fa icon portfolio-icon fa-search small\" aria-hidden=\"true\"><\/i><\/a><\/div> <\/div><\/div> <\/div><\/div> <div  class=\"col-xs-12 col-sm-3 no-gutter-col\"><div  class=\"contentswap-effect\" data-hover-fx=\"portfolio-4\"> <div  class=\"initial-image\"> <img  decoding=\"async\" data-size=\"542x360\" src=\"http:\/\/motel-tosanovice.cz\/wp-content\/uploads\/2021\/07\/002-scaled.jpg\"><\/div> <div  class=\"overlay bg-color1\"><\/div> <div  class=\"swap-inner col-xs-12\"> <div  class=\"row full-height-row middle-xs middle-sm\"> <div  class=\"col-xs-12 text-center content-holder\"> <a href=\"https:\/\/motel-tosanovice.cz?page_id=255\" target=\"_self\" rel=\"noopener\"><i  class=\"fa icon portfolio-icon fa-search small\" aria-hidden=\"true\"><\/i><\/a><\/div> <\/div><\/div> <\/div><\/div> <div  class=\"col-xs-12 col-sm-3 no-gutter-col\"><div  class=\"contentswap-effect\" data-hover-fx=\"portfolio-4\"> <div  class=\"initial-image\"> <img  decoding=\"async\" data-size=\"542x360\" src=\"http:\/\/motel-tosanovice.cz\/wp-content\/uploads\/2021\/07\/015-scaled.jpg\"><\/div> <div  class=\"overlay bg-color1\"><\/div> <div  class=\"swap-inner col-xs-12\"> <div  class=\"row full-height-row middle-xs middle-sm\"> <div  class=\"col-xs-12 text-center content-holder\"> <a href=\"https:\/\/motel-tosanovice.cz?page_id=255\" target=\"_self\" rel=\"noopener\"><i  class=\"fa icon portfolio-icon fa-search small\" aria-hidden=\"true\"><\/i><\/a><\/div> <\/div><\/div> <\/div><\/div>     <\/div><\/div> <\/div>","protected":false},"excerpt":{"rendered":"<p>Motel To\u0161anovice O n\u00e1s Motel se nach\u00e1z\u00ed v oblasti Beskyd. Mezi m\u011bsty Fr\u00fddek-M\u00edstek (10km), \u010cesk\u00fd T\u011b\u0161\u00edn (8km) a T\u0159inec (10km). V bl\u00edzkosti rychlostn\u00ed komunikace R48, EXIT 62. Host\u00e9 mohou vyu\u017e\u00edt parkov\u00e1n\u00ed v prostorech Motelu. Mo\u017enost parkov\u00e1n\u00ed i v\u011bt\u0161\u00edch vozidel. NOV\u011a! Motel disponuje 2 ve\u0159ejn\u00fdmi 22kW nab\u00edjec\u00edm\u00ed stanicemi pro elektromobily.&nbsp;Zv\u00fdhodn\u011bn\u00e1 cen\u00e1 pro hosty motelu. Nab\u00edz\u00edme Rekrea\u010dn\u00ed&hellip; <br \/> <a class=\"read-more\" href=\"https:\/\/motel-tosanovice.cz\/\">V\u00edce<\/a><\/p>\n","protected":false},"author":2,"featured_media":0,"parent":0,"menu_order":0,"comment_status":"closed","ping_status":"closed","template":"page-templates\/homepage.php","meta":{"_monsterinsights_skip_tracking":false,"_monsterinsights_sitenote_active":false,"_monsterinsights_sitenote_note":"","_monsterinsights_sitenote_category":0,"ngg_post_thumbnail":0,"footnotes":""},"aioseo_notices":[],"_links":{"self":[{"href":"https:\/\/motel-tosanovice.cz\/index.php?rest_route=\/wp\/v2\/pages\/510"}],"collection":[{"href":"https:\/\/motel-tosanovice.cz\/index.php?rest_route=\/wp\/v2\/pages"}],"about":[{"href":"https:\/\/motel-tosanovice.cz\/index.php?rest_route=\/wp\/v2\/types\/page"}],"author":[{"embeddable":true,"href":"https:\/\/motel-tosanovice.cz\/index.php?rest_route=\/wp\/v2\/users\/2"}],"replies":[{"embeddable":true,"href":"https:\/\/motel-tosanovice.cz\/index.php?rest_route=%2Fwp%2Fv2%2Fcomments&post=510"}],"version-history":[{"count":24,"href":"https:\/\/motel-tosanovice.cz\/index.php?rest_route=\/wp\/v2\/pages\/510\/revisions"}],"predecessor-version":[{"id":1109,"href":"https:\/\/motel-tosanovice.cz\/index.php?rest_route=\/wp\/v2\/pages\/510\/revisions\/1109"}],"wp:attachment":[{"href":"https:\/\/motel-tosanovice.cz\/index.php?rest_route=%2Fwp%2Fv2%2Fmedia&parent=510"}],"curies":[{"name":"wp","href":"https:\/\/api.w.org\/{rel}","templated":true}]}}