{"id":2,"date":"2016-12-10T18:18:51","date_gmt":"2016-12-10T18:18:51","guid":{"rendered":"http:\/\/motel-tosanovice.cz\/?page_id=2"},"modified":"2025-02-11T11:00:06","modified_gmt":"2025-02-11T11:00:06","slug":"zkusebni-stranka","status":"publish","type":"page","link":"https:\/\/motel-tosanovice.cz\/?page_id=2","title":{"rendered":"Kontakt"},"content":{"rendered":"\n<ul class=\"has-black-color has-text-color\">\n<li><strong>PRO REZERVACI POKOJ\u016e NEBO OHLEDN\u011a DOTAZ\u016e VOLEJTE:&nbsp;<\/strong><\/li>\n\n\n\n<li><strong>Telefon: +420 737 911 004<\/strong><\/li>\n\n\n\n<li>Email: <a href=\"mailto:radek.lisnik@seznam.cz\">radek.lisnik@seznam.cz<\/a><\/li>\n\n\n\n<li>Adresa: Motel To\u0161anovice, Doln\u00ed To\u0161anovice \u010d.p. 90, 739 53, po\u0161ta Hnojn\u00edk<\/li>\n\n\n\n<li>I\u010c: 04576306<\/li>\n\n\n\n<li>DI\u010c:CZ7707154983<\/li>\n\n\n\n<li><a href=\"geo:49.68611, 18.4975277\">GPS:<\/a> 49.68611,&nbsp;18.4975277<\/li>\n\n\n\n<li><a href=\"https:\/\/www.facebook.com\/pages\/Motel-Turist-To%C5%A1anovice\/299277320165958\" target=\"_blank\" rel=\"noopener\">Facebook<\/a><\/li>\n<\/ul>\n\n\n\n<h1 class=\"wp-block-heading entry-title\">Provozn\u00ed&nbsp;doba<\/h1>\n\n\n\n<div class=\"entry-content\">\n<span style=\"color: black;\">\n<ul>\n<b><ul>Otev\u00edrac\u00ed doba RECEPCE:<\/ul><\/b>\n<li>Ned\u011ble &#8211; \u010ctvrtek do 22:00<\/li>\n<li>P\u00e1tek &#8211; Sobota &#8211; NONSTOP<\/li>\n\n<li>telefonick\u00e1 rezervace 0:00 \u2013 24:00 (Tel:&nbsp;&nbsp;+420 737 911 004)<\/li>\n\n<b><ul>Otev\u00edrac\u00ed doba RESTAURACE:<\/ul><\/b>\n<li>Pond\u011bl\u00ed &#8211; P\u00e1tek: 10:00 \u2013 22:00 a do 20:00 pod\u00e1v\u00e1me tepl\u00e1 j\u00eddla<\/li>\n<li>Sobota &#8211; Ned\u011ble: 11:00 \u2013 22:00 a do 20:00 pod\u00e1v\u00e1me tepl\u00e1 j\u00eddla<\/li>\n&nbsp;\n<li>sn\u00eddan\u011b pro ubytovan\u00e9 v \u010dase dle domluvy<\/li>\n<li>ob\u011bdy<span lang=\"cs\"> a ve\u010de\u0159e<\/span> 10:00 \u2013 20:00<\/li>\n<\/ul>\n<p>&nbsp;<\/p>\n<\/div>\n<\/span>\n\n\n\n<p><iframe loading=\"lazy\" style=\"border: 0;\" src=\"https:\/\/www.google.com\/maps\/embed?pb=!1m14!1m8!1m3!1d7555.7093436552805!2d18.50059!3d49.686123!3m2!1i1024!2i768!4f13.1!3m3!1m2!1s0x47140877eca8d07d%3A0x97c8b0a7d0e1af87!2sMotel+Turist!5e1!3m2!1scs!2scz!4v1481413043026\" width=\"100%\" height=\"480\" frameborder=\"0\" allowfullscreen=\"allowfullscreen\"><\/iframe><\/p>\n\n\n\n<div id=\"_HotelczCertificate-Box\" class=\"_right-side\" data-hash=\"8241\" data-seo=\"motel-tosanovice\"><a id=\"_HC-HotelLink\" title=\"Motel To\u0161anovice\" href=\"https:\/\/motel-tosanovice.hotel.cz\/\">Motel To\u0161anovice<\/a><br><a id=\"_HC-TownLink\" title=\"Hotely a Ubytov\u00e1n\u00ed Doln\u00ed To\u0161anovice\" href=\"https:\/\/www.hotel.cz\/dolni-tosanovice\/\">v Doln\u00edch To\u0161anovic\u00edch<\/a><br><a id=\"_HC-ReviewLink\" href=\"https:\/\/motel-tosanovice.hotel.cz\/reviews\/\">hodnocen\u00ed<\/a><\/div>\n\n\n\n<p><script type=\"text\/javascript\"><br \/>\n    (function (d, s) {<br \/>\n        var e = d.createElement(s); e.type = 'text\/javascript'; e.async = true;<br \/>\n        e.src = '\/\/www.hotel.cz\/hotelcz\/scripts\/external\/certificate-2.0.min.js';<br \/>\n        var t = d.getElementsByTagName(s)[0]; t.parentNode.insertBefore(e, t);<br \/>\n    }(document, 'script'));<br \/>\n<\/script><\/p>\n","protected":false},"excerpt":{"rendered":"<p>Provozn\u00ed&nbsp;doba Otev\u00edrac\u00ed doba RECEPCE: Ned\u011ble &#8211; \u010ctvrtek do 22:00 P\u00e1tek &#8211; Sobota &#8211; NONSTOP telefonick\u00e1 rezervace 0:00 \u2013 24:00 (Tel:&nbsp;&nbsp;+420 737 911 004) Otev\u00edrac\u00ed doba RESTAURACE: Pond\u011bl\u00ed &#8211; P\u00e1tek: 10:00 \u2013 22:00 a do 20:00 pod\u00e1v\u00e1me tepl\u00e1 j\u00eddla Sobota &#8211; Ned\u011ble: 11:00 \u2013 22:00 a do 20:00 pod\u00e1v\u00e1me tepl\u00e1 j\u00eddla &nbsp; sn\u00eddan\u011b pro ubytovan\u00e9 v&hellip; <br \/> <a class=\"read-more\" href=\"https:\/\/motel-tosanovice.cz\/?page_id=2\">V\u00edce<\/a><\/p>\n","protected":false},"author":1,"featured_media":0,"parent":0,"menu_order":0,"comment_status":"closed","ping_status":"closed","template":"","meta":{"_monsterinsights_skip_tracking":false,"_monsterinsights_sitenote_active":false,"_monsterinsights_sitenote_note":"","_monsterinsights_sitenote_category":0,"ngg_post_thumbnail":0,"footnotes":""},"aioseo_notices":[],"_links":{"self":[{"href":"https:\/\/motel-tosanovice.cz\/index.php?rest_route=\/wp\/v2\/pages\/2"}],"collection":[{"href":"https:\/\/motel-tosanovice.cz\/index.php?rest_route=\/wp\/v2\/pages"}],"about":[{"href":"https:\/\/motel-tosanovice.cz\/index.php?rest_route=\/wp\/v2\/types\/page"}],"author":[{"embeddable":true,"href":"https:\/\/motel-tosanovice.cz\/index.php?rest_route=\/wp\/v2\/users\/1"}],"replies":[{"embeddable":true,"href":"https:\/\/motel-tosanovice.cz\/index.php?rest_route=%2Fwp%2Fv2%2Fcomments&post=2"}],"version-history":[{"count":32,"href":"https:\/\/motel-tosanovice.cz\/index.php?rest_route=\/wp\/v2\/pages\/2\/revisions"}],"predecessor-version":[{"id":1029,"href":"https:\/\/motel-tosanovice.cz\/index.php?rest_route=\/wp\/v2\/pages\/2\/revisions\/1029"}],"wp:attachment":[{"href":"https:\/\/motel-tosanovice.cz\/index.php?rest_route=%2Fwp%2Fv2%2Fmedia&parent=2"}],"curies":[{"name":"wp","href":"https:\/\/api.w.org\/{rel}","templated":true}]}}